{"id":70,"date":"2020-09-13T14:44:17","date_gmt":"2020-09-13T18:44:17","guid":{"rendered":"https:\/\/earthconnections.ca\/?page_id=70"},"modified":"2025-03-01T14:01:33","modified_gmt":"2025-03-01T18:01:33","slug":"home","status":"publish","type":"page","link":"https:\/\/katigabor.com\/hu\/","title":{"rendered":"Kezd\u0151lap"},"content":{"rendered":"<div data-elementor-type=\"wp-page\" data-elementor-id=\"70\" class=\"elementor elementor-70\" data-elementor-post-type=\"page\">\n\t\t\t\t\t\t<section class=\"elementor-section elementor-top-section elementor-element elementor-element-479398b elementor-section-boxed elementor-section-height-default elementor-section-height-default\" data-id=\"479398b\" data-element_type=\"section\" data-e-type=\"section\">\n\t\t\t\t\t\t<div class=\"elementor-container elementor-column-gap-default\">\n\t\t\t\t\t<div class=\"elementor-column elementor-col-100 elementor-top-column elementor-element elementor-element-2fd6bdb\" data-id=\"2fd6bdb\" data-element_type=\"column\" data-e-type=\"column\">\n\t\t\t<div class=\"elementor-widget-wrap elementor-element-populated\">\n\t\t\t\t\t\t<div class=\"elementor-element elementor-element-fe937da elementor-cta--layout-image-left elementor-cta--mobile-layout-image-above elementor-cta--skin-classic elementor-animated-content elementor-bg-transform elementor-bg-transform-zoom-in elementor-widget elementor-widget-call-to-action\" data-id=\"fe937da\" data-element_type=\"widget\" data-e-type=\"widget\" data-widget_type=\"call-to-action.default\">\n\t\t\t\t<div class=\"elementor-widget-container\">\n\t\t\t\t\t\t\t<div class=\"elementor-cta\">\n\t\t\t\t\t<div class=\"elementor-cta__bg-wrapper\">\n\t\t\t\t<div class=\"elementor-cta__bg elementor-bg\" style=\"background-image: url(https:\/\/katigabor.com\/wp-content\/uploads\/2022\/07\/79190005-1252x1536.jpg);\" role=\"img\" aria-label=\"79190005\"><\/div>\n\t\t\t\t<div class=\"elementor-cta__bg-overlay\"><\/div>\n\t\t\t<\/div>\n\t\t\t\t\t\t\t<div class=\"elementor-cta__content\">\n\t\t\t\t\n\t\t\t\t\t\t\t\t\t<h2 class=\"elementor-cta__title elementor-cta__content-item elementor-content-item\">\n\t\t\t\t\t\tK\u00e9szen \u00e1llsz arra, hogy v\u00e9gigj\u00e1rd a t\u00f6rt\u00e9neted \u00e9s alak\u00edtsd a sorsodat? \t\t\t\t\t<\/h2>\n\t\t\t\t\n\t\t\t\t\t\t\t\t\t<div class=\"elementor-cta__description elementor-cta__content-item elementor-content-item\">\n\t\t\t\t\t\tImagine Inner Development through playful creativity with joy for life rekindled. Allow me to support  you while you move and sense your way into embodying this imagination, inspired and ready to create. The Child within awaits you.\n\t\t\t\t\t<\/div>\n\t\t\t\t\n\t\t\t\t\t\t\t\t\t<div class=\"elementor-cta__button-wrapper elementor-cta__content-item elementor-content-item\">\n\t\t\t\t\t<a class=\"elementor-cta__button elementor-button elementor-size-md\" href=\"#workshops\">\n\t\t\t\t\t\tRegisztr\u00e1lj most\t\t\t\t\t<\/a>\n\t\t\t\t\t<\/div>\n\t\t\t\t\t\t\t<\/div>\n\t\t\t\t\t\t<\/div>\n\t\t\t\t\t\t<\/div>\n\t\t\t\t<\/div>\n\t\t\t\t\t<\/div>\n\t\t<\/div>\n\t\t\t\t\t<\/div>\n\t\t<\/section>\n\t\t\t\t<section class=\"elementor-section elementor-top-section elementor-element elementor-element-78709e0 elementor-section-boxed elementor-section-height-default elementor-section-height-default\" data-id=\"78709e0\" data-element_type=\"section\" data-e-type=\"section\">\n\t\t\t\t\t\t<div class=\"elementor-container elementor-column-gap-default\">\n\t\t\t\t\t<div class=\"elementor-column elementor-col-66 elementor-top-column elementor-element elementor-element-918d0c9\" data-id=\"918d0c9\" data-element_type=\"column\" data-e-type=\"column\">\n\t\t\t<div class=\"elementor-widget-wrap elementor-element-populated\">\n\t\t\t\t\t\t<div class=\"elementor-element elementor-element-30b0cf0 elementor-hidden-mobile elementor-widget elementor-widget-spacer\" data-id=\"30b0cf0\" data-element_type=\"widget\" data-e-type=\"widget\" data-widget_type=\"spacer.default\">\n\t\t\t\t<div class=\"elementor-widget-container\">\n\t\t\t\t\t\t\t<div class=\"elementor-spacer\">\n\t\t\t<div class=\"elementor-spacer-inner\"><\/div>\n\t\t<\/div>\n\t\t\t\t\t\t<\/div>\n\t\t\t\t<\/div>\n\t\t\t\t<div class=\"elementor-element elementor-element-3d1d234 elementor-widget elementor-widget-heading\" data-id=\"3d1d234\" data-element_type=\"widget\" data-e-type=\"widget\" data-widget_type=\"heading.default\">\n\t\t\t\t<div class=\"elementor-widget-container\">\n\t\t\t\t\t<h2 class=\"elementor-heading-title elementor-size-default\">I offer Creative Inner Development Coaching for:<\/h2>\t\t\t\t<\/div>\n\t\t\t\t<\/div>\n\t\t\t\t<div class=\"elementor-element elementor-element-df46f8a elementor-widget elementor-widget-text-editor\" data-id=\"df46f8a\" data-element_type=\"widget\" data-e-type=\"widget\" data-widget_type=\"text-editor.default\">\n\t\t\t\t<div class=\"elementor-widget-container\">\n\t\t\t\t\t\t\t\t\t<ul>\n<li aria-level=\"1\">Deepening personal, parental, professional or organizational development<\/li>\n<li aria-level=\"1\">Embodying the sacred role of parent, teacher or caregiver&nbsp;<\/li>\n<li aria-level=\"1\">Cultivating compassion and healing the Child within<\/li>\n<\/ul>\t\t\t\t\t\t\t\t<\/div>\n\t\t\t\t<\/div>\n\t\t\t\t<div class=\"elementor-element elementor-element-0588ccb elementor-hidden-mobile elementor-widget elementor-widget-spacer\" data-id=\"0588ccb\" data-element_type=\"widget\" data-e-type=\"widget\" data-widget_type=\"spacer.default\">\n\t\t\t\t<div class=\"elementor-widget-container\">\n\t\t\t\t\t\t\t<div class=\"elementor-spacer\">\n\t\t\t<div class=\"elementor-spacer-inner\"><\/div>\n\t\t<\/div>\n\t\t\t\t\t\t<\/div>\n\t\t\t\t<\/div>\n\t\t\t\t<div class=\"elementor-element elementor-element-05cf69b elementor-widget elementor-widget-heading\" data-id=\"05cf69b\" data-element_type=\"widget\" data-e-type=\"widget\" data-widget_type=\"heading.default\">\n\t\t\t\t<div class=\"elementor-widget-container\">\n\t\t\t\t\t<h2 class=\"elementor-heading-title elementor-size-default\">If you want to...<\/h2>\t\t\t\t<\/div>\n\t\t\t\t<\/div>\n\t\t\t\t<div class=\"elementor-element elementor-element-ad59054 elementor-widget elementor-widget-text-editor\" data-id=\"ad59054\" data-element_type=\"widget\" data-e-type=\"widget\" data-widget_type=\"text-editor.default\">\n\t\t\t\t<div class=\"elementor-widget-container\">\n\t\t\t\t\t\t\t\t\t<ul><li aria-level=\"1\">Transform yourself to create the life you have always known possible<\/li><li aria-level=\"1\">Take the next step in your professional development grounded in your own destiny<\/li><li aria-level=\"1\">Cultivate a practical and artistic inner practice of renewal in the educational and healing field<\/li><li aria-level=\"1\">Ignite your spark\u00a0 and passion for community development and team building\u00a0<\/li><li aria-level=\"1\">Heal your inner child so that you can be the parent you want to be<\/li><\/ul><p>\u00a0<\/p><p>Then, let\u2019s chat. I would be honoured to support you in embodying your destiny!<\/p>\t\t\t\t\t\t\t\t<\/div>\n\t\t\t\t<\/div>\n\t\t\t\t\t<\/div>\n\t\t<\/div>\n\t\t\t\t<div class=\"elementor-column elementor-col-33 elementor-top-column elementor-element elementor-element-2767edf elementor-hidden-mobile\" data-id=\"2767edf\" data-element_type=\"column\" data-e-type=\"column\">\n\t\t\t<div class=\"elementor-widget-wrap elementor-element-populated\">\n\t\t\t\t\t\t<div class=\"elementor-element elementor-element-44bffb5 elementor-widget elementor-widget-spacer\" data-id=\"44bffb5\" data-element_type=\"widget\" data-e-type=\"widget\" data-widget_type=\"spacer.default\">\n\t\t\t\t<div class=\"elementor-widget-container\">\n\t\t\t\t\t\t\t<div class=\"elementor-spacer\">\n\t\t\t<div class=\"elementor-spacer-inner\"><\/div>\n\t\t<\/div>\n\t\t\t\t\t\t<\/div>\n\t\t\t\t<\/div>\n\t\t\t\t<div class=\"elementor-element elementor-element-431ee49 elementor-widget elementor-widget-image\" data-id=\"431ee49\" data-element_type=\"widget\" data-e-type=\"widget\" data-widget_type=\"image.default\">\n\t\t\t\t<div class=\"elementor-widget-container\">\n\t\t\t\t\t\t\t\t\t\t\t\t\t\t\t<img fetchpriority=\"high\" decoding=\"async\" width=\"1124\" height=\"1536\" src=\"https:\/\/katigabor.com\/wp-content\/uploads\/2022\/06\/IMG_20220527_113605735_23-1124x1536.jpg\" class=\"attachment-1536x1536 size-1536x1536 wp-image-240\" alt=\"\" srcset=\"https:\/\/katigabor.com\/wp-content\/uploads\/2022\/06\/IMG_20220527_113605735_23-1124x1536.jpg 1124w, https:\/\/katigabor.com\/wp-content\/uploads\/2022\/06\/IMG_20220527_113605735_23-219x300.jpg 219w, https:\/\/katigabor.com\/wp-content\/uploads\/2022\/06\/IMG_20220527_113605735_23-749x1024.jpg 749w, https:\/\/katigabor.com\/wp-content\/uploads\/2022\/06\/IMG_20220527_113605735_23-768x1050.jpg 768w, https:\/\/katigabor.com\/wp-content\/uploads\/2022\/06\/IMG_20220527_113605735_23-1498x2048.jpg 1498w, https:\/\/katigabor.com\/wp-content\/uploads\/2022\/06\/IMG_20220527_113605735_23-scaled.jpg 1873w\" sizes=\"(max-width: 1124px) 100vw, 1124px\" \/>\t\t\t\t\t\t\t\t\t\t\t\t\t\t\t<\/div>\n\t\t\t\t<\/div>\n\t\t\t\t\t<\/div>\n\t\t<\/div>\n\t\t\t\t\t<\/div>\n\t\t<\/section>\n\t\t\t\t<section class=\"elementor-section elementor-top-section elementor-element elementor-element-87a6b7c elementor-section-boxed elementor-section-height-default elementor-section-height-default\" data-id=\"87a6b7c\" data-element_type=\"section\" data-e-type=\"section\">\n\t\t\t\t\t\t<div class=\"elementor-container elementor-column-gap-default\">\n\t\t\t\t\t<div class=\"elementor-column elementor-col-100 elementor-top-column elementor-element elementor-element-a800965\" data-id=\"a800965\" data-element_type=\"column\" data-e-type=\"column\">\n\t\t\t<div class=\"elementor-widget-wrap elementor-element-populated\">\n\t\t\t\t\t\t<div class=\"elementor-element elementor-element-0a2f36b elementor-hidden-mobile elementor-widget elementor-widget-spacer\" data-id=\"0a2f36b\" data-element_type=\"widget\" data-e-type=\"widget\" data-widget_type=\"spacer.default\">\n\t\t\t\t<div class=\"elementor-widget-container\">\n\t\t\t\t\t\t\t<div class=\"elementor-spacer\">\n\t\t\t<div class=\"elementor-spacer-inner\"><\/div>\n\t\t<\/div>\n\t\t\t\t\t\t<\/div>\n\t\t\t\t<\/div>\n\t\t\t\t\t<\/div>\n\t\t<\/div>\n\t\t\t\t\t<\/div>\n\t\t<\/section>\n\t\t\t\t<section class=\"elementor-section elementor-top-section elementor-element elementor-element-40aa7aa elementor-section-boxed elementor-section-height-default elementor-section-height-default\" data-id=\"40aa7aa\" data-element_type=\"section\" data-e-type=\"section\" id=\"workshops\">\n\t\t\t\t\t\t<div class=\"elementor-container elementor-column-gap-default\">\n\t\t\t\t\t<div class=\"elementor-column elementor-col-33 elementor-top-column elementor-element elementor-element-1b8bf97\" data-id=\"1b8bf97\" data-element_type=\"column\" data-e-type=\"column\">\n\t\t\t<div class=\"elementor-widget-wrap elementor-element-populated\">\n\t\t\t\t\t\t<div class=\"elementor-element elementor-element-7a0c1fe elementor-widget elementor-widget-heading\" data-id=\"7a0c1fe\" data-element_type=\"widget\" data-e-type=\"widget\" data-widget_type=\"heading.default\">\n\t\t\t\t<div class=\"elementor-widget-container\">\n\t\t\t\t\t<h2 class=\"elementor-heading-title elementor-size-large\">Creative Processes for Inner Development - Adults<\/h2>\t\t\t\t<\/div>\n\t\t\t\t<\/div>\n\t\t\t\t<div class=\"elementor-element elementor-element-7c32daa elementor-widget elementor-widget-text-editor\" data-id=\"7c32daa\" data-element_type=\"widget\" data-e-type=\"widget\" data-widget_type=\"text-editor.default\">\n\t\t\t\t<div class=\"elementor-widget-container\">\n\t\t\t\t\t\t\t\t\t<p><i>For everyone wishing to create an artistic-spiritual practice that leads to emotional maturity and to the healing of the Inner Adult.<\/i><\/p><ul><li>Work with observation-based creative transformational processes to build your dreams and reach your goals in life<\/li><\/ul><p>A series of seven consecutive daily or weekly sessions offered in person or online.<\/p><p>Individual sessions available with start dates that work for you.\u00a0<\/p><p><b>Schedule your free registration interview today and start as soon as you wish<\/b>.<\/p>\t\t\t\t\t\t\t\t<\/div>\n\t\t\t\t<\/div>\n\t\t\t\t<div class=\"elementor-element elementor-element-c9710fa elementor-align-justify elementor-widget elementor-widget-button\" data-id=\"c9710fa\" data-element_type=\"widget\" data-e-type=\"widget\" data-widget_type=\"button.default\">\n\t\t\t\t<div class=\"elementor-widget-container\">\n\t\t\t\t\t\t\t\t\t<div class=\"elementor-button-wrapper\">\n\t\t\t\t\t<a class=\"elementor-button elementor-button-link elementor-size-md\" href=\"https:\/\/katigabor.com\/hu\/creative-inner-processes\/\">\n\t\t\t\t\t\t<span class=\"elementor-button-content-wrapper\">\n\t\t\t\t\t\t\t\t\t<span class=\"elementor-button-text\">Register<\/span>\n\t\t\t\t\t<\/span>\n\t\t\t\t\t<\/a>\n\t\t\t\t<\/div>\n\t\t\t\t\t\t\t\t<\/div>\n\t\t\t\t<\/div>\n\t\t\t\t\t<\/div>\n\t\t<\/div>\n\t\t\t\t<div class=\"elementor-column elementor-col-33 elementor-top-column elementor-element elementor-element-599cb3e\" data-id=\"599cb3e\" data-element_type=\"column\" data-e-type=\"column\">\n\t\t\t<div class=\"elementor-widget-wrap elementor-element-populated\">\n\t\t\t\t\t\t<div class=\"elementor-element elementor-element-97a7ed4 elementor-widget elementor-widget-heading\" data-id=\"97a7ed4\" data-element_type=\"widget\" data-e-type=\"widget\" data-widget_type=\"heading.default\">\n\t\t\t\t<div class=\"elementor-widget-container\">\n\t\t\t\t\t<h2 class=\"elementor-heading-title elementor-size-large\">Creative Processes for Inner Development - Parents and Educators <\/h2>\t\t\t\t<\/div>\n\t\t\t\t<\/div>\n\t\t\t\t<div class=\"elementor-element elementor-element-4d290e5 elementor-widget elementor-widget-text-editor\" data-id=\"4d290e5\" data-element_type=\"widget\" data-e-type=\"widget\" data-widget_type=\"text-editor.default\">\n\t\t\t\t<div class=\"elementor-widget-container\">\n\t\t\t\t\t\t\t\t\t<p><i>For parents, caregivers, homeschoolers and educators in schools, learning pods, forest, farm and nature schools, social workers, art therapists, healing professionals and all who work with the Human Being.<\/i><\/p><p>Understand yourself to understand the children.<\/p><p>Bring harmony to your home,\u00a0 classroom or practice by deepening your understanding of the impulses of childhood, the rhythms of the Earth, and what it means to be human. Honour the children in your life by exploring the sacred responsibility of caregiving through the seven-fold learning process of New Adult Learning and the My Child Myself program.<\/p><p>Join me in a journey of professional and personal development through self-discovery. <\/p>\t\t\t\t\t\t\t\t<\/div>\n\t\t\t\t<\/div>\n\t\t\t\t<div class=\"elementor-element elementor-element-73c4d00 elementor-align-justify elementor-widget elementor-widget-button\" data-id=\"73c4d00\" data-element_type=\"widget\" data-e-type=\"widget\" data-widget_type=\"button.default\">\n\t\t\t\t<div class=\"elementor-widget-container\">\n\t\t\t\t\t\t\t\t\t<div class=\"elementor-button-wrapper\">\n\t\t\t\t\t<a class=\"elementor-button elementor-button-link elementor-size-md\" href=\"https:\/\/katigabor.com\/hu\/parent-prof-development\/\">\n\t\t\t\t\t\t<span class=\"elementor-button-content-wrapper\">\n\t\t\t\t\t\t\t\t\t<span class=\"elementor-button-text\">Register<\/span>\n\t\t\t\t\t<\/span>\n\t\t\t\t\t<\/a>\n\t\t\t\t<\/div>\n\t\t\t\t\t\t\t\t<\/div>\n\t\t\t\t<\/div>\n\t\t\t\t\t<\/div>\n\t\t<\/div>\n\t\t\t\t<div class=\"elementor-column elementor-col-33 elementor-top-column elementor-element elementor-element-611b4ec\" data-id=\"611b4ec\" data-element_type=\"column\" data-e-type=\"column\">\n\t\t\t<div class=\"elementor-widget-wrap elementor-element-populated\">\n\t\t\t\t\t\t<div class=\"elementor-element elementor-element-1a84107 elementor-widget elementor-widget-heading\" data-id=\"1a84107\" data-element_type=\"widget\" data-e-type=\"widget\" data-widget_type=\"heading.default\">\n\t\t\t\t<div class=\"elementor-widget-container\">\n\t\t\t\t\t<h2 class=\"elementor-heading-title elementor-size-large\">Creative Processes for Organizational Development - Faculties of Teachers, Work Teams and Communities<\/h2>\t\t\t\t<\/div>\n\t\t\t\t<\/div>\n\t\t\t\t<div class=\"elementor-element elementor-element-559c06d elementor-widget elementor-widget-text-editor\" data-id=\"559c06d\" data-element_type=\"widget\" data-e-type=\"widget\" data-widget_type=\"text-editor.default\">\n\t\t\t\t<div class=\"elementor-widget-container\">\n\t\t\t\t\t\t\t\t\t<p><i>Explorations about the nature of Human Encounter through conversation and movement\u00a0 inspired by New Adult Learning and Chekhov drama exercises<\/i><\/p><p>Together we make the first intentional steps on one of the most important journeys of our times, the one that leads from our own Self to that of the Other. We build a framework for a conscious collective practice to create relationships where we can hold each other with compassion and dignity regardless of belief, colour, gender, age, nationality, creed and any other factor that can be used to turn One against the Other.<\/p><p><strong>Schedule a 30 minute free consultation to discuss how I can help your organization.<\/strong>\u00a0<\/p>\t\t\t\t\t\t\t\t<\/div>\n\t\t\t\t<\/div>\n\t\t\t\t<div class=\"elementor-element elementor-element-e5510a6 elementor-align-justify elementor-widget elementor-widget-button\" data-id=\"e5510a6\" data-element_type=\"widget\" data-e-type=\"widget\" data-widget_type=\"button.default\">\n\t\t\t\t<div class=\"elementor-widget-container\">\n\t\t\t\t\t\t\t\t\t<div class=\"elementor-button-wrapper\">\n\t\t\t\t\t<a class=\"elementor-button elementor-button-link elementor-size-md\" href=\"https:\/\/katigabor.com\/hu\/org-development\/\">\n\t\t\t\t\t\t<span class=\"elementor-button-content-wrapper\">\n\t\t\t\t\t\t\t\t\t<span class=\"elementor-button-text\">Register<\/span>\n\t\t\t\t\t<\/span>\n\t\t\t\t\t<\/a>\n\t\t\t\t<\/div>\n\t\t\t\t\t\t\t\t<\/div>\n\t\t\t\t<\/div>\n\t\t\t\t\t<\/div>\n\t\t<\/div>\n\t\t\t\t\t<\/div>\n\t\t<\/section>\n\t\t\t\t<section class=\"elementor-section elementor-top-section elementor-element elementor-element-c4d1360 elementor-section-boxed elementor-section-height-default elementor-section-height-default\" data-id=\"c4d1360\" data-element_type=\"section\" data-e-type=\"section\">\n\t\t\t\t\t\t<div class=\"elementor-container elementor-column-gap-default\">\n\t\t\t\t\t<div class=\"elementor-column elementor-col-100 elementor-top-column elementor-element elementor-element-e76c9e8\" data-id=\"e76c9e8\" data-element_type=\"column\" data-e-type=\"column\">\n\t\t\t<div class=\"elementor-widget-wrap elementor-element-populated\">\n\t\t\t\t\t\t<div class=\"elementor-element elementor-element-dc20bf1 elementor-widget elementor-widget-image\" data-id=\"dc20bf1\" data-element_type=\"widget\" data-e-type=\"widget\" data-widget_type=\"image.default\">\n\t\t\t\t<div class=\"elementor-widget-container\">\n\t\t\t\t\t\t\t\t\t\t\t\t\t\t\t<img decoding=\"async\" width=\"1536\" height=\"1152\" src=\"https:\/\/katigabor.com\/wp-content\/uploads\/2022\/06\/IMG_20220527_114324673-1536x1152.jpg\" class=\"attachment-1536x1536 size-1536x1536 wp-image-244\" alt=\"\" srcset=\"https:\/\/katigabor.com\/wp-content\/uploads\/2022\/06\/IMG_20220527_114324673-1536x1152.jpg 1536w, https:\/\/katigabor.com\/wp-content\/uploads\/2022\/06\/IMG_20220527_114324673-300x225.jpg 300w, https:\/\/katigabor.com\/wp-content\/uploads\/2022\/06\/IMG_20220527_114324673-1024x768.jpg 1024w, https:\/\/katigabor.com\/wp-content\/uploads\/2022\/06\/IMG_20220527_114324673-768x576.jpg 768w, https:\/\/katigabor.com\/wp-content\/uploads\/2022\/06\/IMG_20220527_114324673-2048x1536.jpg 2048w\" sizes=\"(max-width: 1536px) 100vw, 1536px\" \/>\t\t\t\t\t\t\t\t\t\t\t\t\t\t\t<\/div>\n\t\t\t\t<\/div>\n\t\t\t\t\t<\/div>\n\t\t<\/div>\n\t\t\t\t\t<\/div>\n\t\t<\/section>\n\t\t\t\t<section class=\"elementor-section elementor-top-section elementor-element elementor-element-991a056 elementor-section-boxed elementor-section-height-default elementor-section-height-default\" data-id=\"991a056\" data-element_type=\"section\" data-e-type=\"section\">\n\t\t\t\t\t\t<div class=\"elementor-container elementor-column-gap-default\">\n\t\t\t\t\t<div class=\"elementor-column elementor-col-100 elementor-top-column elementor-element elementor-element-0dae585\" data-id=\"0dae585\" data-element_type=\"column\" data-e-type=\"column\">\n\t\t\t<div class=\"elementor-widget-wrap elementor-element-populated\">\n\t\t\t\t\t\t<div class=\"elementor-element elementor-element-f7ceec1 elementor-testimonial--skin-default elementor-testimonial--layout-image_inline elementor-testimonial--align-center elementor-pagination-type-bullets elementor-widget elementor-widget-testimonial-carousel\" data-id=\"f7ceec1\" data-element_type=\"widget\" data-e-type=\"widget\" data-settings=\"{&quot;pagination&quot;:&quot;bullets&quot;,&quot;speed&quot;:500,&quot;autoplay&quot;:&quot;yes&quot;,&quot;autoplay_speed&quot;:5000,&quot;pause_on_hover&quot;:&quot;yes&quot;,&quot;pause_on_interaction&quot;:&quot;yes&quot;,&quot;space_between&quot;:{&quot;unit&quot;:&quot;px&quot;,&quot;size&quot;:10,&quot;sizes&quot;:[]},&quot;space_between_tablet&quot;:{&quot;unit&quot;:&quot;px&quot;,&quot;size&quot;:10,&quot;sizes&quot;:[]},&quot;space_between_mobile&quot;:{&quot;unit&quot;:&quot;px&quot;,&quot;size&quot;:10,&quot;sizes&quot;:[]}}\" data-widget_type=\"testimonial-carousel.default\">\n\t\t\t\t<div class=\"elementor-widget-container\">\n\t\t\t\t\t\t\t\t\t<div class=\"elementor-swiper\">\n\t\t\t\t\t<div class=\"elementor-main-swiper swiper\" role=\"region\" aria-roledescription=\"carousel\" aria-label=\"Slides\">\n\t\t\t\t<div class=\"swiper-wrapper\">\n\t\t\t\t\t\t\t\t\t\t\t<div class=\"swiper-slide\" role=\"group\" aria-roledescription=\"slide\">\n\t\t\t\t\t\t\t\t\t<div class=\"elementor-testimonial\">\n\t\t\t\t\t\t\t<div class=\"elementor-testimonial__content\">\n\t\t\t\t\t<div class=\"elementor-testimonial__text\">\n\t\t\t\t\t\tTo me, Kati was a miracle.  When I met her, I was really struggling to be a mum.  I really didn't enjoy the baby and toddler phase and my life felt very heavy.  As my children grew, she was a true mentor in my motherhood and helped me to understand my children and support them in their natural cycles.  My older son was very sensitive and has always needed extra sleep and protection around over-stimulation.  She helped me to build schedules in our family life that respected his needs.  Overall, Kati has been a force for good in my life and I don't hesitate to recommend her presence and services to anyone. \n\t\t\t\t\t<\/div>\n\t\t\t\t\t\t\t\t\t<\/div>\n\t\t\t\t\t\t<div class=\"elementor-testimonial__footer\">\n\t\t\t\t\t\t\t\t<cite class=\"elementor-testimonial__cite\"><span class=\"elementor-testimonial__name\">A.B. <\/span><span class=\"elementor-testimonial__title\">Ottawa, Canada<\/span><\/cite>\t\t\t<\/div>\n\t\t<\/div>\n\t\t\t\t\t\t\t\t<\/div>\n\t\t\t\t\t\t\t\t\t\t\t<div class=\"swiper-slide\" role=\"group\" aria-roledescription=\"slide\">\n\t\t\t\t\t\t\t\t\t<div class=\"elementor-testimonial\">\n\t\t\t\t\t\t\t<div class=\"elementor-testimonial__content\">\n\t\t\t\t\t<div class=\"elementor-testimonial__text\">\n\t\t\t\t\t\tWorking with Kati has been an incredible journey. She is a gentle, wise and loving teacher and mentor. She creates a safe space out of authenticity that inspires true soul searching and profound inner growth. Anyone that has the chance to work with Kati has truly encountered a blessing on their path.\t\t\t\t\t<\/div>\n\t\t\t\t\t\t\t\t\t<\/div>\n\t\t\t\t\t\t<div class=\"elementor-testimonial__footer\">\n\t\t\t\t\t\t\t\t<cite class=\"elementor-testimonial__cite\"><span class=\"elementor-testimonial__name\">Berit<\/span><span class=\"elementor-testimonial__title\">London, ON<\/span><\/cite>\t\t\t<\/div>\n\t\t<\/div>\n\t\t\t\t\t\t\t\t<\/div>\n\t\t\t\t\t\t\t\t\t\t\t<div class=\"swiper-slide\" role=\"group\" aria-roledescription=\"slide\">\n\t\t\t\t\t\t\t\t\t<div class=\"elementor-testimonial\">\n\t\t\t\t\t\t\t<div class=\"elementor-testimonial__content\">\n\t\t\t\t\t<div class=\"elementor-testimonial__text\">\n\t\t\t\t\t\tAs a mentor, Kati was a beacon of light and I cannot thank her enough for her help and insights. Kati always met me where I was and provided me with the tools I needed to support both my students and myself. \t\t\t\t\t<\/div>\n\t\t\t\t\t\t\t\t\t<\/div>\n\t\t\t\t\t\t<div class=\"elementor-testimonial__footer\">\n\t\t\t\t\t\t\t\t<cite class=\"elementor-testimonial__cite\"><span class=\"elementor-testimonial__name\">K. P.<\/span><span class=\"elementor-testimonial__title\">Thunder Bay, ON<\/span><\/cite>\t\t\t<\/div>\n\t\t<\/div>\n\t\t\t\t\t\t\t\t<\/div>\n\t\t\t\t\t\t\t\t\t<\/div>\n\t\t\t\t\t\t\t\t\t\t\t\t\t\t\t\t\t\t\t\t<div class=\"swiper-pagination\"><\/div>\n\t\t\t\t\t\t\t\t\t\t\t\t<\/div>\n\t\t\t\t<\/div>\n\t\t\t\t\t\t\t\t<\/div>\n\t\t\t\t<\/div>\n\t\t\t\t\t<\/div>\n\t\t<\/div>\n\t\t\t\t\t<\/div>\n\t\t<\/section>\n\t\t\t\t<\/div>","protected":false},"excerpt":{"rendered":"<p>Are you ready to move through your story and shape your destiny? Imagine Inner Development through playful creativity with joy for life rekindled. Allow me to support you while you move and sense your way into embodying this imagination, inspired and ready to create. The Child within awaits you. Register Now I offer Creative Inner [&hellip;]<\/p>\n","protected":false},"author":1,"featured_media":0,"parent":0,"menu_order":0,"comment_status":"closed","ping_status":"closed","template":"","meta":{"footnotes":""},"class_list":["post-70","page","type-page","status-publish","hentry"],"_links":{"self":[{"href":"https:\/\/katigabor.com\/hu\/wp-json\/wp\/v2\/pages\/70","targetHints":{"allow":["GET"]}}],"collection":[{"href":"https:\/\/katigabor.com\/hu\/wp-json\/wp\/v2\/pages"}],"about":[{"href":"https:\/\/katigabor.com\/hu\/wp-json\/wp\/v2\/types\/page"}],"author":[{"embeddable":true,"href":"https:\/\/katigabor.com\/hu\/wp-json\/wp\/v2\/users\/1"}],"replies":[{"embeddable":true,"href":"https:\/\/katigabor.com\/hu\/wp-json\/wp\/v2\/comments?post=70"}],"version-history":[{"count":281,"href":"https:\/\/katigabor.com\/hu\/wp-json\/wp\/v2\/pages\/70\/revisions"}],"predecessor-version":[{"id":987,"href":"https:\/\/katigabor.com\/hu\/wp-json\/wp\/v2\/pages\/70\/revisions\/987"}],"wp:attachment":[{"href":"https:\/\/katigabor.com\/hu\/wp-json\/wp\/v2\/media?parent=70"}],"curies":[{"name":"wp","href":"https:\/\/api.w.org\/{rel}","templated":true}]}}